{"id":918,"date":"2021-09-29T16:04:41","date_gmt":"2021-09-29T14:04:41","guid":{"rendered":"http:\/\/hamacarchitecture.com\/?page_id=918"},"modified":"2021-12-22T12:11:15","modified_gmt":"2021-12-22T11:11:15","slug":"ecoprojets-partages","status":"publish","type":"page","link":"https:\/\/hamacarchitecture.com\/index.php\/ecoprojets-partages","title":{"rendered":"\u00c9coprojets partag\u00e9s"},"content":{"rendered":"\t\t<div data-elementor-type=\"wp-page\" data-elementor-id=\"918\" class=\"elementor elementor-918\" data-elementor-settings=\"[]\">\n\t\t\t\t\t\t\t<div class=\"elementor-section-wrap\">\n\t\t\t\t\t\t\t<section class=\"elementor-section elementor-top-section elementor-element elementor-element-85505fa elementor-section-boxed elementor-section-height-default elementor-section-height-default\" data-id=\"85505fa\" data-element_type=\"section\">\n\t\t\t\t\t\t<div class=\"elementor-container elementor-column-gap-default\">\n\t\t\t\t\t<div class=\"elementor-column elementor-col-100 elementor-top-column elementor-element elementor-element-4f88cd9\" data-id=\"4f88cd9\" data-element_type=\"column\">\n\t\t\t<div class=\"elementor-widget-wrap elementor-element-populated\">\n\t\t\t\t\t\t\t\t<div class=\"elementor-element elementor-element-78af283 elementor-widget elementor-widget-image\" data-id=\"78af283\" data-element_type=\"widget\" data-widget_type=\"image.default\">\n\t\t\t\t<div class=\"elementor-widget-container\">\n\t\t\t\t\t\t\t\t\t\t\t\t\t\t\t\t<a href=\"http:\/\/hamacarchitecture.com\">\n\t\t\t\t\t\t\t<img width=\"295\" height=\"132\" src=\"https:\/\/hamacarchitecture.com\/wp-content\/uploads\/2021\/10\/LOGO_HAMAC_2021_Q_2.jpg\" class=\"attachment-large size-large\" alt=\"\" \/>\t\t\t\t\t\t\t\t<\/a>\n\t\t\t\t\t\t\t\t\t\t\t\t\t\t\t<\/div>\n\t\t\t\t<\/div>\n\t\t\t\t<div class=\"elementor-element elementor-element-df51dc0 elementor-widget elementor-widget-text-editor\" data-id=\"df51dc0\" data-element_type=\"widget\" data-widget_type=\"text-editor.default\">\n\t\t\t\t<div class=\"elementor-widget-container\">\n\t\t\t\t\t\t\t<span style=\"caret-color: #000000; color: #000000; font-family: -webkit-standard; font-size: medium;\"><a style=\"color: #000000;\" href=\"http:\/\/hamacarchitecture.com\">\u2022 Accueil \u2022<\/a>\u00a0<\/span>\t\t\t\t\t\t<\/div>\n\t\t\t\t<\/div>\n\t\t\t\t<div class=\"elementor-element elementor-element-dd730d2 elementor-widget elementor-widget-heading\" data-id=\"dd730d2\" data-element_type=\"widget\" data-widget_type=\"heading.default\">\n\t\t\t\t<div class=\"elementor-widget-container\">\n\t\t\t<h3 class=\"elementor-heading-title elementor-size-medium\">\u00c9coprojets partag\u00e9s<\/h3>\t\t<\/div>\n\t\t\t\t<\/div>\n\t\t\t\t<div class=\"elementor-element elementor-element-12fed51 elementor-widget elementor-widget-heading\" data-id=\"12fed51\" data-element_type=\"widget\" data-widget_type=\"heading.default\">\n\t\t\t\t<div class=\"elementor-widget-container\">\n\t\t\t<h4 class=\"elementor-heading-title elementor-size-default\">(page en cours d'\u00e9laboration)<\/h4>\t\t<\/div>\n\t\t\t\t<\/div>\n\t\t\t\t<div class=\"elementor-element elementor-element-1c591e9 elementor-widget elementor-widget-image\" data-id=\"1c591e9\" data-element_type=\"widget\" data-widget_type=\"image.default\">\n\t\t\t\t<div class=\"elementor-widget-container\">\n\t\t\t\t\t\t\t\t\t\t\t\t\t\t\t<img width=\"915\" height=\"208\" src=\"https:\/\/hamacarchitecture.com\/wp-content\/uploads\/2021\/05\/ELEM_LOGO_HAMAC_2021_NOIR.png\" class=\"attachment-large size-large\" alt=\"\" srcset=\"https:\/\/hamacarchitecture.com\/wp-content\/uploads\/2021\/05\/ELEM_LOGO_HAMAC_2021_NOIR.png 915w, https:\/\/hamacarchitecture.com\/wp-content\/uploads\/2021\/05\/ELEM_LOGO_HAMAC_2021_NOIR-300x68.png 300w, https:\/\/hamacarchitecture.com\/wp-content\/uploads\/2021\/05\/ELEM_LOGO_HAMAC_2021_NOIR-768x175.png 768w\" sizes=\"(max-width: 915px) 100vw, 915px\" \/>\t\t\t\t\t\t\t\t\t\t\t\t\t\t\t<\/div>\n\t\t\t\t<\/div>\n\t\t\t\t<div class=\"elementor-element elementor-element-abb60df elementor-widget elementor-widget-text-editor\" data-id=\"abb60df\" data-element_type=\"widget\" data-widget_type=\"text-editor.default\">\n\t\t\t\t<div class=\"elementor-widget-container\">\n\t\t\t\t\t\t\t<p>L\u2019augmentation des tensions sur le foncier et les limites que pr\u00e9sentent les mod\u00e8les de la maison individuelle et de l\u2019immeuble collectif, ont inspir\u00e9 le projet port\u00e9 par HAMAC Architecture. Pour apporter une r\u00e9ponse innovante aux envies individuelles, dans un budget contraint, l\u2019agence imagine des solutions agiles, porteuses de valeurs soci\u00e9tales positives.<\/p>\n<p>Arnaud ROBERT, fondateur de l\u2019agence, b\u00e9n\u00e9ficie d\u2019une expertise de premier plan sur le tissu foncier de la M\u00e9tropole et sa r\u00e9gion qu\u2019il a analys\u00e9 au sein de l\u2019Agence d\u2019Urbanisme de la R\u00e9gion Nantaise.<\/p>\n<p><strong>HAMAC Architecture d\u00e9veloppe<\/strong> donc <strong>des solutions alternatives entre maison individuelle et immeuble collectif <\/strong>qui permettent de&nbsp;:<\/p>\n<p>\u2022<span style=\"font-size: 1rem;\">&nbsp;<\/span><span style=\"font-size: 1rem;\">&nbsp; &nbsp;<\/span><strong style=\"font-style: inherit;\">Diminuer les co\u00fbts<\/strong><span style=\"font-style: inherit;\">&nbsp;(en mutualisant l\u2019achat du foncier et la construction).<\/span><\/p>\n<p>\u2022 &nbsp; &nbsp;<strong>Pr\u00e9server les qualit\u00e9s du logement individuel<\/strong> (\u00e9volutif, avec son jardin, son intimit\u00e9\u2026).<\/p>\n<p>\u2022&nbsp;&nbsp; &nbsp;<strong>Faciliter l\u2019entre-aide et la convivialit\u00e9<\/strong>, mutualiser ce qui peut l\u2019\u00eatre et apporter une grande flexibilit\u00e9 d\u2019usages.<\/p>\n<p>\u2022 &nbsp;&nbsp;<strong>Associer le<\/strong>(s)<strong> futur<\/strong>(s)<strong> habitant<\/strong>(s) \u00e0 l\u2019\u00e9laboration du projet pour une conception concert\u00e9e et une r\u00e9alisation sur-mesure.<\/p>\n<p>Des projets \u00e0 taille humaine : de 3 \u00e0 5 logements pour 1 \u00e0 4 propri\u00e9taires, tenant compte des besoins et envies de chaque habitant autant en mati\u00e8re de design, de choix de mat\u00e9riaux de construction ou d\u2019aspiration \u00e9cologique.<\/p>\n<p>Quel que soit l\u2019\u00e2ge, la typologie du foyer, le budget, HAMAC Architecture vous accompagne pour optimiser votre projet et d\u00e9velopper pour vous une qualit\u00e9 de vie \u00e0 la hauteur de vos attentes.<\/p>\t\t\t\t\t\t<\/div>\n\t\t\t\t<\/div>\n\t\t\t\t<div class=\"elementor-element elementor-element-2108307 elementor-widget elementor-widget-image-gallery\" data-id=\"2108307\" data-element_type=\"widget\" data-widget_type=\"image-gallery.default\">\n\t\t\t\t<div class=\"elementor-widget-container\">\n\t\t\t\t\t<div class=\"elementor-image-gallery\">\n\t\t\t<div id='gallery-1' class='gallery galleryid-918 gallery-columns-4 gallery-size-thumbnail'><figure class='gallery-item'>\n\t\t\t<div class='gallery-icon landscape'>\n\t\t\t\t<a data-elementor-open-lightbox=\"yes\" data-elementor-lightbox-slideshow=\"2108307\" data-elementor-lightbox-title=\"240_F_43202858_wMI9KcNPge9VMGW7FbJx5GxWq151fFvS\" href='https:\/\/hamacarchitecture.com\/wp-content\/uploads\/2021\/10\/240_F_43202858_wMI9KcNPge9VMGW7FbJx5GxWq151fFvS.jpg'><img width=\"150\" height=\"150\" src=\"https:\/\/hamacarchitecture.com\/wp-content\/uploads\/2021\/10\/240_F_43202858_wMI9KcNPge9VMGW7FbJx5GxWq151fFvS-150x150.jpg\" class=\"attachment-thumbnail size-thumbnail\" alt=\"\" \/><\/a>\n\t\t\t<\/div><\/figure><figure class='gallery-item'>\n\t\t\t<div class='gallery-icon landscape'>\n\t\t\t\t<a data-elementor-open-lightbox=\"yes\" data-elementor-lightbox-slideshow=\"2108307\" data-elementor-lightbox-title=\"240_F_46146944_oM0aZZJieKe8wOuoEmY8dPcwKwqhwYha\" href='https:\/\/hamacarchitecture.com\/wp-content\/uploads\/2021\/10\/240_F_46146944_oM0aZZJieKe8wOuoEmY8dPcwKwqhwYha.jpg'><img width=\"150\" height=\"150\" src=\"https:\/\/hamacarchitecture.com\/wp-content\/uploads\/2021\/10\/240_F_46146944_oM0aZZJieKe8wOuoEmY8dPcwKwqhwYha-150x150.jpg\" class=\"attachment-thumbnail size-thumbnail\" alt=\"\" \/><\/a>\n\t\t\t<\/div><\/figure><figure class='gallery-item'>\n\t\t\t<div class='gallery-icon landscape'>\n\t\t\t\t<a data-elementor-open-lightbox=\"yes\" data-elementor-lightbox-slideshow=\"2108307\" data-elementor-lightbox-title=\"240_F_217634357_kKh2QIw7tOfjwdRJDpUcgGL2pVaFNzGy\" href='https:\/\/hamacarchitecture.com\/wp-content\/uploads\/2021\/10\/240_F_217634357_kKh2QIw7tOfjwdRJDpUcgGL2pVaFNzGy.jpg'><img width=\"150\" height=\"150\" src=\"https:\/\/hamacarchitecture.com\/wp-content\/uploads\/2021\/10\/240_F_217634357_kKh2QIw7tOfjwdRJDpUcgGL2pVaFNzGy-150x150.jpg\" class=\"attachment-thumbnail size-thumbnail\" alt=\"\" \/><\/a>\n\t\t\t<\/div><\/figure><figure class='gallery-item'>\n\t\t\t<div class='gallery-icon landscape'>\n\t\t\t\t<a data-elementor-open-lightbox=\"yes\" data-elementor-lightbox-slideshow=\"2108307\" data-elementor-lightbox-title=\"240_F_245673849_kaVE5gyuW4yAcPZbfzZ8Mi8ag9rco5DP\" href='https:\/\/hamacarchitecture.com\/wp-content\/uploads\/2021\/10\/240_F_245673849_kaVE5gyuW4yAcPZbfzZ8Mi8ag9rco5DP.jpg'><img width=\"150\" height=\"150\" src=\"https:\/\/hamacarchitecture.com\/wp-content\/uploads\/2021\/10\/240_F_245673849_kaVE5gyuW4yAcPZbfzZ8Mi8ag9rco5DP-150x150.jpg\" class=\"attachment-thumbnail size-thumbnail\" alt=\"\" \/><\/a>\n\t\t\t<\/div><\/figure><figure class='gallery-item'>\n\t\t\t<div class='gallery-icon landscape'>\n\t\t\t\t<a data-elementor-open-lightbox=\"yes\" data-elementor-lightbox-slideshow=\"2108307\" data-elementor-lightbox-title=\"240_F_327878529_hizb5i4Iw3jvKMC1Ex7HxUA3wdvcjKKH\" href='https:\/\/hamacarchitecture.com\/wp-content\/uploads\/2021\/10\/240_F_327878529_hizb5i4Iw3jvKMC1Ex7HxUA3wdvcjKKH.jpg'><img width=\"150\" height=\"150\" src=\"https:\/\/hamacarchitecture.com\/wp-content\/uploads\/2021\/10\/240_F_327878529_hizb5i4Iw3jvKMC1Ex7HxUA3wdvcjKKH-150x150.jpg\" class=\"attachment-thumbnail size-thumbnail\" alt=\"\" \/><\/a>\n\t\t\t<\/div><\/figure><figure class='gallery-item'>\n\t\t\t<div class='gallery-icon landscape'>\n\t\t\t\t<a data-elementor-open-lightbox=\"yes\" data-elementor-lightbox-slideshow=\"2108307\" data-elementor-lightbox-title=\"240_F_355877329_VegTdPkXQW3o9tlxoFHCUvSzxMiKpOHB\" href='https:\/\/hamacarchitecture.com\/wp-content\/uploads\/2021\/10\/240_F_355877329_VegTdPkXQW3o9tlxoFHCUvSzxMiKpOHB.jpg'><img width=\"150\" height=\"150\" src=\"https:\/\/hamacarchitecture.com\/wp-content\/uploads\/2021\/10\/240_F_355877329_VegTdPkXQW3o9tlxoFHCUvSzxMiKpOHB-150x150.jpg\" class=\"attachment-thumbnail size-thumbnail\" alt=\"\" \/><\/a>\n\t\t\t<\/div><\/figure><figure class='gallery-item'>\n\t\t\t<div class='gallery-icon landscape'>\n\t\t\t\t<a data-elementor-open-lightbox=\"yes\" data-elementor-lightbox-slideshow=\"2108307\" data-elementor-lightbox-title=\"240_F_380635321_xw6btdiBdBdQLmBCAze7J6Xgi1A0SdVG\" href='https:\/\/hamacarchitecture.com\/wp-content\/uploads\/2021\/10\/240_F_380635321_xw6btdiBdBdQLmBCAze7J6Xgi1A0SdVG.jpg'><img width=\"150\" height=\"150\" src=\"https:\/\/hamacarchitecture.com\/wp-content\/uploads\/2021\/10\/240_F_380635321_xw6btdiBdBdQLmBCAze7J6Xgi1A0SdVG-150x150.jpg\" class=\"attachment-thumbnail size-thumbnail\" alt=\"\" \/><\/a>\n\t\t\t<\/div><\/figure><figure class='gallery-item'>\n\t\t\t<div class='gallery-icon landscape'>\n\t\t\t\t<a data-elementor-open-lightbox=\"yes\" data-elementor-lightbox-slideshow=\"2108307\" data-elementor-lightbox-title=\"240_F_437128695_865fJnG4Nntqo4T16ceBefGIRUR6DNnB\" href='https:\/\/hamacarchitecture.com\/wp-content\/uploads\/2021\/10\/240_F_437128695_865fJnG4Nntqo4T16ceBefGIRUR6DNnB.jpg'><img width=\"150\" height=\"150\" src=\"https:\/\/hamacarchitecture.com\/wp-content\/uploads\/2021\/10\/240_F_437128695_865fJnG4Nntqo4T16ceBefGIRUR6DNnB-150x150.jpg\" class=\"attachment-thumbnail size-thumbnail\" alt=\"\" \/><\/a>\n\t\t\t<\/div><\/figure>\n\t\t<\/div>\n\t\t<\/div>\n\t\t\t\t<\/div>\n\t\t\t\t<\/div>\n\t\t\t\t<div class=\"elementor-element elementor-element-4904c65 elementor-align-center elementor-widget elementor-widget-button\" data-id=\"4904c65\" data-element_type=\"widget\" data-widget_type=\"button.default\">\n\t\t\t\t<div class=\"elementor-widget-container\">\n\t\t\t\t\t<div class=\"elementor-button-wrapper\">\n\t\t\t<a href=\"http:\/\/hamacarchitecture.com\/index.php\/contact-us\" class=\"elementor-button-link elementor-button elementor-size-sm\" role=\"button\">\n\t\t\t\t\t\t<span class=\"elementor-button-content-wrapper\">\n\t\t\t\t\t\t<span class=\"elementor-button-text\">Un projet ? Contactez-nous.<\/span>\n\t\t<\/span>\n\t\t\t\t\t<\/a>\n\t\t<\/div>\n\t\t\t\t<\/div>\n\t\t\t\t<\/div>\n\t\t\t\t\t<\/div>\n\t\t<\/div>\n\t\t\t\t\t\t\t<\/div>\n\t\t<\/section>\n\t\t\t\t\t\t<\/div>\n\t\t\t\t\t<\/div>\n\t\t","protected":false},"excerpt":{"rendered":"<p>\u2022 Accueil \u2022\u00a0 \u00c9coprojets partag\u00e9s (page en cours d&rsquo;\u00e9laboration) L\u2019augmentation des tensions sur le foncier et les limites que pr\u00e9sentent les mod\u00e8les de la maison individuelle et de l\u2019immeuble collectif, ont inspir\u00e9 le projet port\u00e9 par HAMAC Architecture. Pour apporter une r\u00e9ponse innovante aux envies individuelles, dans un budget contraint, l\u2019agence imagine des solutions agiles, &hellip;<\/p>\n<p class=\"read-more\"> <a class=\"\" href=\"https:\/\/hamacarchitecture.com\/index.php\/ecoprojets-partages\"> <span class=\"screen-reader-text\">\u00c9coprojets partag\u00e9s<\/span> Lire la suite\u00a0\u00bb<\/a><\/p>\n","protected":false},"author":1,"featured_media":0,"parent":0,"menu_order":0,"comment_status":"closed","ping_status":"closed","template":"","meta":[],"_links":{"self":[{"href":"https:\/\/hamacarchitecture.com\/index.php\/wp-json\/wp\/v2\/pages\/918"}],"collection":[{"href":"https:\/\/hamacarchitecture.com\/index.php\/wp-json\/wp\/v2\/pages"}],"about":[{"href":"https:\/\/hamacarchitecture.com\/index.php\/wp-json\/wp\/v2\/types\/page"}],"author":[{"embeddable":true,"href":"https:\/\/hamacarchitecture.com\/index.php\/wp-json\/wp\/v2\/users\/1"}],"replies":[{"embeddable":true,"href":"https:\/\/hamacarchitecture.com\/index.php\/wp-json\/wp\/v2\/comments?post=918"}],"version-history":[{"count":86,"href":"https:\/\/hamacarchitecture.com\/index.php\/wp-json\/wp\/v2\/pages\/918\/revisions"}],"predecessor-version":[{"id":1239,"href":"https:\/\/hamacarchitecture.com\/index.php\/wp-json\/wp\/v2\/pages\/918\/revisions\/1239"}],"wp:attachment":[{"href":"https:\/\/hamacarchitecture.com\/index.php\/wp-json\/wp\/v2\/media?parent=918"}],"curies":[{"name":"wp","href":"https:\/\/api.w.org\/{rel}","templated":true}]}}