{"id":832,"date":"2021-09-22T10:30:34","date_gmt":"2021-09-22T08:30:34","guid":{"rendered":"http:\/\/hamacarchitecture.com\/?page_id=832"},"modified":"2021-12-22T12:17:57","modified_gmt":"2021-12-22T11:17:57","slug":"design-despaces","status":"publish","type":"page","link":"https:\/\/hamacarchitecture.com\/index.php\/design-despaces","title":{"rendered":"DESIGN D&rsquo;ESPACES"},"content":{"rendered":"\t\t<div data-elementor-type=\"wp-page\" data-elementor-id=\"832\" class=\"elementor elementor-832\" data-elementor-settings=\"[]\">\n\t\t\t\t\t\t\t<div class=\"elementor-section-wrap\">\n\t\t\t\t\t\t\t<section class=\"elementor-section elementor-top-section elementor-element elementor-element-563516f elementor-section-boxed elementor-section-height-default elementor-section-height-default\" data-id=\"563516f\" data-element_type=\"section\">\n\t\t\t\t\t\t<div class=\"elementor-container elementor-column-gap-default\">\n\t\t\t\t\t<div class=\"elementor-column elementor-col-100 elementor-top-column elementor-element elementor-element-4640b15\" data-id=\"4640b15\" data-element_type=\"column\">\n\t\t\t<div class=\"elementor-widget-wrap elementor-element-populated\">\n\t\t\t\t\t\t\t\t<div class=\"elementor-element elementor-element-7682843 elementor-widget elementor-widget-image\" data-id=\"7682843\" data-element_type=\"widget\" data-widget_type=\"image.default\">\n\t\t\t\t<div class=\"elementor-widget-container\">\n\t\t\t\t\t\t\t\t\t\t\t\t\t\t\t\t<a href=\"http:\/\/hamacarchitecture.com\/\">\n\t\t\t\t\t\t\t<img width=\"1024\" height=\"437\" src=\"https:\/\/hamacarchitecture.com\/wp-content\/uploads\/2021\/05\/cropped-cropped-LOGO_HAMAC_2021_Q-1024x437.png\" class=\"attachment-large size-large\" alt=\"\" srcset=\"https:\/\/hamacarchitecture.com\/wp-content\/uploads\/2021\/05\/cropped-cropped-LOGO_HAMAC_2021_Q-1024x437.png 1024w, https:\/\/hamacarchitecture.com\/wp-content\/uploads\/2021\/05\/cropped-cropped-LOGO_HAMAC_2021_Q-300x128.png 300w, https:\/\/hamacarchitecture.com\/wp-content\/uploads\/2021\/05\/cropped-cropped-LOGO_HAMAC_2021_Q-768x328.png 768w, https:\/\/hamacarchitecture.com\/wp-content\/uploads\/2021\/05\/cropped-cropped-LOGO_HAMAC_2021_Q-1536x656.png 1536w, https:\/\/hamacarchitecture.com\/wp-content\/uploads\/2021\/05\/cropped-cropped-LOGO_HAMAC_2021_Q-196x84.png 196w, https:\/\/hamacarchitecture.com\/wp-content\/uploads\/2021\/05\/cropped-cropped-LOGO_HAMAC_2021_Q.png 1964w\" sizes=\"(max-width: 1024px) 100vw, 1024px\" \/>\t\t\t\t\t\t\t\t<\/a>\n\t\t\t\t\t\t\t\t\t\t\t\t\t\t\t<\/div>\n\t\t\t\t<\/div>\n\t\t\t\t<div class=\"elementor-element elementor-element-a661fce elementor-widget elementor-widget-text-editor\" data-id=\"a661fce\" data-element_type=\"widget\" data-widget_type=\"text-editor.default\">\n\t\t\t\t<div class=\"elementor-widget-container\">\n\t\t\t\t\t\t\t<p><span style=\"caret-color: #000000; color: #000000; font-family: -webkit-standard; font-size: medium;\"><a style=\"color: #000000;\" href=\"http:\/\/hamacarchitecture.com\">\u2022 Accueil \u2022<\/a>\u00a0<\/span><\/p>\t\t\t\t\t\t<\/div>\n\t\t\t\t<\/div>\n\t\t\t\t<div class=\"elementor-element elementor-element-fdf34dc elementor-widget elementor-widget-heading\" data-id=\"fdf34dc\" data-element_type=\"widget\" data-widget_type=\"heading.default\">\n\t\t\t\t<div class=\"elementor-widget-container\">\n\t\t\t<h2 class=\"elementor-heading-title elementor-size-default\">Design d'Espaces<\/h2>\t\t<\/div>\n\t\t\t\t<\/div>\n\t\t\t\t<div class=\"elementor-element elementor-element-c4bed14 elementor-widget elementor-widget-image\" data-id=\"c4bed14\" data-element_type=\"widget\" data-widget_type=\"image.default\">\n\t\t\t\t<div class=\"elementor-widget-container\">\n\t\t\t\t\t\t\t\t\t\t\t\t\t\t\t<img width=\"768\" height=\"175\" src=\"https:\/\/hamacarchitecture.com\/wp-content\/uploads\/2021\/05\/ELEM_LOGO_HAMAC_2021_NOIR-768x175.png\" class=\"attachment-medium_large size-medium_large\" alt=\"\" srcset=\"https:\/\/hamacarchitecture.com\/wp-content\/uploads\/2021\/05\/ELEM_LOGO_HAMAC_2021_NOIR-768x175.png 768w, https:\/\/hamacarchitecture.com\/wp-content\/uploads\/2021\/05\/ELEM_LOGO_HAMAC_2021_NOIR-300x68.png 300w, https:\/\/hamacarchitecture.com\/wp-content\/uploads\/2021\/05\/ELEM_LOGO_HAMAC_2021_NOIR.png 915w\" sizes=\"(max-width: 768px) 100vw, 768px\" \/>\t\t\t\t\t\t\t\t\t\t\t\t\t\t\t<\/div>\n\t\t\t\t<\/div>\n\t\t\t\t<div class=\"elementor-element elementor-element-e9f97c9 elementor-widget elementor-widget-text-editor\" data-id=\"e9f97c9\" data-element_type=\"widget\" data-widget_type=\"text-editor.default\">\n\t\t\t\t<div class=\"elementor-widget-container\">\n\t\t\t\t\t\t\t<p><strong>HAMAC Architecture con\u00e7oit et r\u00e9alise<\/strong>\u00a0pour le particulier tout type de projets en mission compl\u00e8te ou partielle\u00a0: construction neuve, extension, sur\u00e9l\u00e9vation, r\u00e9habilitation, optimisation d\u2019espaces, r\u00e9novation \u00e9nerg\u00e9tique\u2026<\/p><p>Des projets sur mesure, \u00e0 l\u2019\u00e9coute de vos envies, de vos usages pour r\u00e9pondre \u00e0 vos attentes.<\/p>\t\t\t\t\t\t<\/div>\n\t\t\t\t<\/div>\n\t\t\t\t<div class=\"elementor-element elementor-element-eff82bc elementor-widget elementor-widget-image\" data-id=\"eff82bc\" data-element_type=\"widget\" data-widget_type=\"image.default\">\n\t\t\t\t<div class=\"elementor-widget-container\">\n\t\t\t\t\t\t\t\t\t\t\t\t\t\t\t<img width=\"915\" height=\"208\" src=\"https:\/\/hamacarchitecture.com\/wp-content\/uploads\/2021\/05\/ELEM_LOGO_HAMAC_2021_NOIR.png\" class=\"attachment-large size-large\" alt=\"\" srcset=\"https:\/\/hamacarchitecture.com\/wp-content\/uploads\/2021\/05\/ELEM_LOGO_HAMAC_2021_NOIR.png 915w, https:\/\/hamacarchitecture.com\/wp-content\/uploads\/2021\/05\/ELEM_LOGO_HAMAC_2021_NOIR-300x68.png 300w, https:\/\/hamacarchitecture.com\/wp-content\/uploads\/2021\/05\/ELEM_LOGO_HAMAC_2021_NOIR-768x175.png 768w\" sizes=\"(max-width: 915px) 100vw, 915px\" \/>\t\t\t\t\t\t\t\t\t\t\t\t\t\t\t<\/div>\n\t\t\t\t<\/div>\n\t\t\t\t<div class=\"elementor-element elementor-element-b0552c8 elementor-widget elementor-widget-heading\" data-id=\"b0552c8\" data-element_type=\"widget\" data-widget_type=\"heading.default\">\n\t\t\t\t<div class=\"elementor-widget-container\">\n\t\t\t<h3 class=\"elementor-heading-title elementor-size-default\"><b>Am\u00e9nagement int\u00e9rieur \u2022 Optimisation d\u2019espaces<\/b><div><b>R\u00e9novation \u00e9nerg\u00e9tique<\/b><span style=\"font-style: inherit;\"><\/span><\/div><\/h3>\t\t<\/div>\n\t\t\t\t<\/div>\n\t\t\t\t<div class=\"elementor-element elementor-element-1085adf elementor-widget elementor-widget-image-gallery\" data-id=\"1085adf\" data-element_type=\"widget\" data-widget_type=\"image-gallery.default\">\n\t\t\t\t<div class=\"elementor-widget-container\">\n\t\t\t\t\t<div class=\"elementor-image-gallery\">\n\t\t\t<div id='gallery-1' class='gallery galleryid-832 gallery-columns-3 gallery-size-medium'><figure class='gallery-item'>\n\t\t\t<div class='gallery-icon landscape'>\n\t\t\t\t<a data-elementor-open-lightbox=\"yes\" data-elementor-lightbox-slideshow=\"1085adf\" data-elementor-lightbox-title=\"HAMAC_BOOK3-2\" href='https:\/\/hamacarchitecture.com\/wp-content\/uploads\/2021\/10\/HAMAC_BOOK3-2.png'><img width=\"300\" height=\"225\" src=\"https:\/\/hamacarchitecture.com\/wp-content\/uploads\/2021\/10\/HAMAC_BOOK3-2-300x225.png\" class=\"attachment-medium size-medium\" alt=\"\" srcset=\"https:\/\/hamacarchitecture.com\/wp-content\/uploads\/2021\/10\/HAMAC_BOOK3-2-300x225.png 300w, https:\/\/hamacarchitecture.com\/wp-content\/uploads\/2021\/10\/HAMAC_BOOK3-2-1024x768.png 1024w, https:\/\/hamacarchitecture.com\/wp-content\/uploads\/2021\/10\/HAMAC_BOOK3-2-768x576.png 768w, https:\/\/hamacarchitecture.com\/wp-content\/uploads\/2021\/10\/HAMAC_BOOK3-2-1536x1152.png 1536w, https:\/\/hamacarchitecture.com\/wp-content\/uploads\/2021\/10\/HAMAC_BOOK3-2-2048x1536.png 2048w\" sizes=\"(max-width: 300px) 100vw, 300px\" \/><\/a>\n\t\t\t<\/div><\/figure><figure class='gallery-item'>\n\t\t\t<div class='gallery-icon landscape'>\n\t\t\t\t<a data-elementor-open-lightbox=\"yes\" data-elementor-lightbox-slideshow=\"1085adf\" data-elementor-lightbox-title=\"HAMAC_BOOK3-3\" href='https:\/\/hamacarchitecture.com\/wp-content\/uploads\/2021\/10\/HAMAC_BOOK3-3.png'><img width=\"300\" height=\"225\" src=\"https:\/\/hamacarchitecture.com\/wp-content\/uploads\/2021\/10\/HAMAC_BOOK3-3-300x225.png\" class=\"attachment-medium size-medium\" alt=\"\" srcset=\"https:\/\/hamacarchitecture.com\/wp-content\/uploads\/2021\/10\/HAMAC_BOOK3-3-300x225.png 300w, https:\/\/hamacarchitecture.com\/wp-content\/uploads\/2021\/10\/HAMAC_BOOK3-3-1024x768.png 1024w, https:\/\/hamacarchitecture.com\/wp-content\/uploads\/2021\/10\/HAMAC_BOOK3-3-768x576.png 768w, https:\/\/hamacarchitecture.com\/wp-content\/uploads\/2021\/10\/HAMAC_BOOK3-3-1536x1152.png 1536w, https:\/\/hamacarchitecture.com\/wp-content\/uploads\/2021\/10\/HAMAC_BOOK3-3-2048x1536.png 2048w\" sizes=\"(max-width: 300px) 100vw, 300px\" \/><\/a>\n\t\t\t<\/div><\/figure><figure class='gallery-item'>\n\t\t\t<div class='gallery-icon landscape'>\n\t\t\t\t<a data-elementor-open-lightbox=\"yes\" data-elementor-lightbox-slideshow=\"1085adf\" data-elementor-lightbox-title=\"HAMAC_BOOK3-4\" href='https:\/\/hamacarchitecture.com\/wp-content\/uploads\/2021\/10\/HAMAC_BOOK3-4.png'><img width=\"300\" height=\"225\" src=\"https:\/\/hamacarchitecture.com\/wp-content\/uploads\/2021\/10\/HAMAC_BOOK3-4-300x225.png\" class=\"attachment-medium size-medium\" alt=\"\" srcset=\"https:\/\/hamacarchitecture.com\/wp-content\/uploads\/2021\/10\/HAMAC_BOOK3-4-300x225.png 300w, https:\/\/hamacarchitecture.com\/wp-content\/uploads\/2021\/10\/HAMAC_BOOK3-4-1024x768.png 1024w, https:\/\/hamacarchitecture.com\/wp-content\/uploads\/2021\/10\/HAMAC_BOOK3-4-768x576.png 768w, https:\/\/hamacarchitecture.com\/wp-content\/uploads\/2021\/10\/HAMAC_BOOK3-4-1536x1152.png 1536w, https:\/\/hamacarchitecture.com\/wp-content\/uploads\/2021\/10\/HAMAC_BOOK3-4-2048x1536.png 2048w\" sizes=\"(max-width: 300px) 100vw, 300px\" \/><\/a>\n\t\t\t<\/div><\/figure>\n\t\t<\/div>\n\t\t<\/div>\n\t\t\t\t<\/div>\n\t\t\t\t<\/div>\n\t\t\t\t<div class=\"elementor-element elementor-element-4c81f5f elementor-widget elementor-widget-image\" data-id=\"4c81f5f\" data-element_type=\"widget\" data-widget_type=\"image.default\">\n\t\t\t\t<div class=\"elementor-widget-container\">\n\t\t\t\t\t\t\t\t\t\t\t\t\t\t\t<img width=\"915\" height=\"208\" src=\"https:\/\/hamacarchitecture.com\/wp-content\/uploads\/2021\/05\/ELEM_LOGO_HAMAC_2021_NOIR.png\" class=\"attachment-large size-large\" alt=\"\" srcset=\"https:\/\/hamacarchitecture.com\/wp-content\/uploads\/2021\/05\/ELEM_LOGO_HAMAC_2021_NOIR.png 915w, https:\/\/hamacarchitecture.com\/wp-content\/uploads\/2021\/05\/ELEM_LOGO_HAMAC_2021_NOIR-300x68.png 300w, https:\/\/hamacarchitecture.com\/wp-content\/uploads\/2021\/05\/ELEM_LOGO_HAMAC_2021_NOIR-768x175.png 768w\" sizes=\"(max-width: 915px) 100vw, 915px\" \/>\t\t\t\t\t\t\t\t\t\t\t\t\t\t\t<\/div>\n\t\t\t\t<\/div>\n\t\t\t\t<div class=\"elementor-element elementor-element-ce84e71 elementor-widget elementor-widget-text-editor\" data-id=\"ce84e71\" data-element_type=\"widget\" data-widget_type=\"text-editor.default\">\n\t\t\t\t<div class=\"elementor-widget-container\">\n\t\t\t\t\t\t\t<h1 class=\"elementor-heading-title elementor-size-default elementor-inline-editing pen\" style=\"font-size: 30px; font-style: normal; margin-bottom: 0px; color: #050000;\" data-elementor-setting-key=\"title\" data-pen-placeholder=\"\u00c9crivez ici...\"><b>Extensions &#8211; Sur\u00e9l\u00e9vations<\/b><\/h1>\t\t\t\t\t\t<\/div>\n\t\t\t\t<\/div>\n\t\t\t\t<div class=\"elementor-element elementor-element-0b5ac25 elementor-widget elementor-widget-image-gallery\" data-id=\"0b5ac25\" data-element_type=\"widget\" data-widget_type=\"image-gallery.default\">\n\t\t\t\t<div class=\"elementor-widget-container\">\n\t\t\t\t\t<div class=\"elementor-image-gallery\">\n\t\t\t<div id='gallery-2' class='gallery galleryid-832 gallery-columns-4 gallery-size-medium'><figure class='gallery-item'>\n\t\t\t<div class='gallery-icon landscape'>\n\t\t\t\t<a data-elementor-open-lightbox=\"yes\" data-elementor-lightbox-slideshow=\"0b5ac25\" data-elementor-lightbox-title=\"HAMAC_BOOK3-6\" href='https:\/\/hamacarchitecture.com\/wp-content\/uploads\/2021\/10\/HAMAC_BOOK3-6.png'><img width=\"300\" height=\"225\" src=\"https:\/\/hamacarchitecture.com\/wp-content\/uploads\/2021\/10\/HAMAC_BOOK3-6-300x225.png\" class=\"attachment-medium size-medium\" alt=\"\" srcset=\"https:\/\/hamacarchitecture.com\/wp-content\/uploads\/2021\/10\/HAMAC_BOOK3-6-300x225.png 300w, https:\/\/hamacarchitecture.com\/wp-content\/uploads\/2021\/10\/HAMAC_BOOK3-6-1024x768.png 1024w, https:\/\/hamacarchitecture.com\/wp-content\/uploads\/2021\/10\/HAMAC_BOOK3-6-768x576.png 768w, https:\/\/hamacarchitecture.com\/wp-content\/uploads\/2021\/10\/HAMAC_BOOK3-6-1536x1152.png 1536w, https:\/\/hamacarchitecture.com\/wp-content\/uploads\/2021\/10\/HAMAC_BOOK3-6-2048x1536.png 2048w\" sizes=\"(max-width: 300px) 100vw, 300px\" \/><\/a>\n\t\t\t<\/div><\/figure><figure class='gallery-item'>\n\t\t\t<div class='gallery-icon landscape'>\n\t\t\t\t<a data-elementor-open-lightbox=\"yes\" data-elementor-lightbox-slideshow=\"0b5ac25\" data-elementor-lightbox-title=\"HAMAC_BOOK3-7\" href='https:\/\/hamacarchitecture.com\/wp-content\/uploads\/2021\/10\/HAMAC_BOOK3-7.png'><img width=\"300\" height=\"225\" src=\"https:\/\/hamacarchitecture.com\/wp-content\/uploads\/2021\/10\/HAMAC_BOOK3-7-300x225.png\" class=\"attachment-medium size-medium\" alt=\"\" srcset=\"https:\/\/hamacarchitecture.com\/wp-content\/uploads\/2021\/10\/HAMAC_BOOK3-7-300x225.png 300w, https:\/\/hamacarchitecture.com\/wp-content\/uploads\/2021\/10\/HAMAC_BOOK3-7-1024x768.png 1024w, https:\/\/hamacarchitecture.com\/wp-content\/uploads\/2021\/10\/HAMAC_BOOK3-7-768x576.png 768w, https:\/\/hamacarchitecture.com\/wp-content\/uploads\/2021\/10\/HAMAC_BOOK3-7-1536x1152.png 1536w, https:\/\/hamacarchitecture.com\/wp-content\/uploads\/2021\/10\/HAMAC_BOOK3-7-2048x1536.png 2048w\" sizes=\"(max-width: 300px) 100vw, 300px\" \/><\/a>\n\t\t\t<\/div><\/figure><figure class='gallery-item'>\n\t\t\t<div class='gallery-icon landscape'>\n\t\t\t\t<a data-elementor-open-lightbox=\"yes\" data-elementor-lightbox-slideshow=\"0b5ac25\" data-elementor-lightbox-title=\"HAMAC_BOOK3-8\" href='https:\/\/hamacarchitecture.com\/wp-content\/uploads\/2021\/10\/HAMAC_BOOK3-8.png'><img width=\"300\" height=\"225\" src=\"https:\/\/hamacarchitecture.com\/wp-content\/uploads\/2021\/10\/HAMAC_BOOK3-8-300x225.png\" class=\"attachment-medium size-medium\" alt=\"\" srcset=\"https:\/\/hamacarchitecture.com\/wp-content\/uploads\/2021\/10\/HAMAC_BOOK3-8-300x225.png 300w, https:\/\/hamacarchitecture.com\/wp-content\/uploads\/2021\/10\/HAMAC_BOOK3-8-1024x768.png 1024w, https:\/\/hamacarchitecture.com\/wp-content\/uploads\/2021\/10\/HAMAC_BOOK3-8-768x576.png 768w, https:\/\/hamacarchitecture.com\/wp-content\/uploads\/2021\/10\/HAMAC_BOOK3-8-1536x1152.png 1536w, https:\/\/hamacarchitecture.com\/wp-content\/uploads\/2021\/10\/HAMAC_BOOK3-8-2048x1536.png 2048w\" sizes=\"(max-width: 300px) 100vw, 300px\" \/><\/a>\n\t\t\t<\/div><\/figure><figure class='gallery-item'>\n\t\t\t<div class='gallery-icon landscape'>\n\t\t\t\t<a data-elementor-open-lightbox=\"yes\" data-elementor-lightbox-slideshow=\"0b5ac25\" data-elementor-lightbox-title=\"HAMAC_BOOK3-9\" href='https:\/\/hamacarchitecture.com\/wp-content\/uploads\/2021\/10\/HAMAC_BOOK3-9.png'><img width=\"300\" height=\"225\" src=\"https:\/\/hamacarchitecture.com\/wp-content\/uploads\/2021\/10\/HAMAC_BOOK3-9-300x225.png\" class=\"attachment-medium size-medium\" alt=\"\" srcset=\"https:\/\/hamacarchitecture.com\/wp-content\/uploads\/2021\/10\/HAMAC_BOOK3-9-300x225.png 300w, https:\/\/hamacarchitecture.com\/wp-content\/uploads\/2021\/10\/HAMAC_BOOK3-9-1024x768.png 1024w, https:\/\/hamacarchitecture.com\/wp-content\/uploads\/2021\/10\/HAMAC_BOOK3-9-768x576.png 768w, https:\/\/hamacarchitecture.com\/wp-content\/uploads\/2021\/10\/HAMAC_BOOK3-9-1536x1152.png 1536w, https:\/\/hamacarchitecture.com\/wp-content\/uploads\/2021\/10\/HAMAC_BOOK3-9-2048x1536.png 2048w\" sizes=\"(max-width: 300px) 100vw, 300px\" \/><\/a>\n\t\t\t<\/div><\/figure>\n\t\t<\/div>\n\t\t<\/div>\n\t\t\t\t<\/div>\n\t\t\t\t<\/div>\n\t\t\t\t<div class=\"elementor-element elementor-element-30a7d6a elementor-widget elementor-widget-image\" data-id=\"30a7d6a\" data-element_type=\"widget\" data-widget_type=\"image.default\">\n\t\t\t\t<div class=\"elementor-widget-container\">\n\t\t\t\t\t\t\t\t\t\t\t\t\t\t\t<img width=\"915\" height=\"208\" src=\"https:\/\/hamacarchitecture.com\/wp-content\/uploads\/2021\/05\/ELEM_LOGO_HAMAC_2021_NOIR.png\" class=\"attachment-large size-large\" alt=\"\" srcset=\"https:\/\/hamacarchitecture.com\/wp-content\/uploads\/2021\/05\/ELEM_LOGO_HAMAC_2021_NOIR.png 915w, https:\/\/hamacarchitecture.com\/wp-content\/uploads\/2021\/05\/ELEM_LOGO_HAMAC_2021_NOIR-300x68.png 300w, https:\/\/hamacarchitecture.com\/wp-content\/uploads\/2021\/05\/ELEM_LOGO_HAMAC_2021_NOIR-768x175.png 768w\" sizes=\"(max-width: 915px) 100vw, 915px\" \/>\t\t\t\t\t\t\t\t\t\t\t\t\t\t\t<\/div>\n\t\t\t\t<\/div>\n\t\t\t\t<div class=\"elementor-element elementor-element-41aa837 elementor-widget elementor-widget-text-editor\" data-id=\"41aa837\" data-element_type=\"widget\" data-widget_type=\"text-editor.default\">\n\t\t\t\t<div class=\"elementor-widget-container\">\n\t\t\t\t\t\t\t<h2 class=\"elementor-heading-title elementor-size-default elementor-inline-editing pen\" style=\"font-size: 30px; font-style: normal; margin-bottom: 0px; color: #050000;\" data-elementor-setting-key=\"title\" data-pen-placeholder=\"\u00c9crivez ici...\"><b>Construction neuve<\/b><\/h2>\t\t\t\t\t\t<\/div>\n\t\t\t\t<\/div>\n\t\t\t\t<div class=\"elementor-element elementor-element-5594790 elementor-widget elementor-widget-image-gallery\" data-id=\"5594790\" data-element_type=\"widget\" data-widget_type=\"image-gallery.default\">\n\t\t\t\t<div class=\"elementor-widget-container\">\n\t\t\t\t\t<div class=\"elementor-image-gallery\">\n\t\t\t<div id='gallery-3' class='gallery galleryid-832 gallery-columns-2 gallery-size-medium_large'><figure class='gallery-item'>\n\t\t\t<div class='gallery-icon landscape'>\n\t\t\t\t<a data-elementor-open-lightbox=\"yes\" data-elementor-lightbox-slideshow=\"5594790\" data-elementor-lightbox-title=\"HAMAC_BOOK3-11\" href='https:\/\/hamacarchitecture.com\/wp-content\/uploads\/2021\/10\/HAMAC_BOOK3-11.png'><img width=\"768\" height=\"576\" src=\"https:\/\/hamacarchitecture.com\/wp-content\/uploads\/2021\/10\/HAMAC_BOOK3-11-768x576.png\" class=\"attachment-medium_large size-medium_large\" alt=\"\" srcset=\"https:\/\/hamacarchitecture.com\/wp-content\/uploads\/2021\/10\/HAMAC_BOOK3-11-768x576.png 768w, https:\/\/hamacarchitecture.com\/wp-content\/uploads\/2021\/10\/HAMAC_BOOK3-11-300x225.png 300w, https:\/\/hamacarchitecture.com\/wp-content\/uploads\/2021\/10\/HAMAC_BOOK3-11-1024x768.png 1024w, https:\/\/hamacarchitecture.com\/wp-content\/uploads\/2021\/10\/HAMAC_BOOK3-11-1536x1152.png 1536w, https:\/\/hamacarchitecture.com\/wp-content\/uploads\/2021\/10\/HAMAC_BOOK3-11-2048x1536.png 2048w\" sizes=\"(max-width: 768px) 100vw, 768px\" \/><\/a>\n\t\t\t<\/div><\/figure><figure class='gallery-item'>\n\t\t\t<div class='gallery-icon landscape'>\n\t\t\t\t<a data-elementor-open-lightbox=\"yes\" data-elementor-lightbox-slideshow=\"5594790\" data-elementor-lightbox-title=\"HAMAC_BOOK3-12\" href='https:\/\/hamacarchitecture.com\/wp-content\/uploads\/2021\/10\/HAMAC_BOOK3-12.png'><img width=\"768\" height=\"576\" src=\"https:\/\/hamacarchitecture.com\/wp-content\/uploads\/2021\/10\/HAMAC_BOOK3-12-768x576.png\" class=\"attachment-medium_large size-medium_large\" alt=\"\" srcset=\"https:\/\/hamacarchitecture.com\/wp-content\/uploads\/2021\/10\/HAMAC_BOOK3-12-768x576.png 768w, https:\/\/hamacarchitecture.com\/wp-content\/uploads\/2021\/10\/HAMAC_BOOK3-12-300x225.png 300w, https:\/\/hamacarchitecture.com\/wp-content\/uploads\/2021\/10\/HAMAC_BOOK3-12-1024x768.png 1024w, https:\/\/hamacarchitecture.com\/wp-content\/uploads\/2021\/10\/HAMAC_BOOK3-12-1536x1152.png 1536w, https:\/\/hamacarchitecture.com\/wp-content\/uploads\/2021\/10\/HAMAC_BOOK3-12-2048x1536.png 2048w\" sizes=\"(max-width: 768px) 100vw, 768px\" \/><\/a>\n\t\t\t<\/div><\/figure>\n\t\t<\/div>\n\t\t<\/div>\n\t\t\t\t<\/div>\n\t\t\t\t<\/div>\n\t\t\t\t<div class=\"elementor-element elementor-element-145cfb4 elementor-widget elementor-widget-text-editor\" data-id=\"145cfb4\" data-element_type=\"widget\" data-widget_type=\"text-editor.default\">\n\t\t\t\t<div class=\"elementor-widget-container\">\n\t\t\t\t\t\t\t<p>Lorem ipsum dolor sit amet, consectetur adipiscing elit. Ut elit tellus, luctus nec ullamcorper mattis, pulvinar dapibus leo.<\/p>\t\t\t\t\t\t<\/div>\n\t\t\t\t<\/div>\n\t\t\t\t<div class=\"elementor-element elementor-element-0757a7a elementor-align-center elementor-widget elementor-widget-button\" data-id=\"0757a7a\" data-element_type=\"widget\" data-widget_type=\"button.default\">\n\t\t\t\t<div class=\"elementor-widget-container\">\n\t\t\t\t\t<div class=\"elementor-button-wrapper\">\n\t\t\t<a href=\"http:\/\/hamacarchitecture.com\/index.php\/contact-us\" class=\"elementor-button-link elementor-button elementor-size-sm\" role=\"button\">\n\t\t\t\t\t\t<span class=\"elementor-button-content-wrapper\">\n\t\t\t\t\t\t<span class=\"elementor-button-text\">Un projet ? Contactez-nous.<\/span>\n\t\t<\/span>\n\t\t\t\t\t<\/a>\n\t\t<\/div>\n\t\t\t\t<\/div>\n\t\t\t\t<\/div>\n\t\t\t\t\t<\/div>\n\t\t<\/div>\n\t\t\t\t\t\t\t<\/div>\n\t\t<\/section>\n\t\t\t\t\t\t<\/div>\n\t\t\t\t\t<\/div>\n\t\t","protected":false},"excerpt":{"rendered":"<p>\u2022 Accueil \u2022\u00a0 Design d&rsquo;Espaces HAMAC Architecture con\u00e7oit et r\u00e9alise\u00a0pour le particulier tout type de projets en mission compl\u00e8te ou partielle\u00a0: construction neuve, extension, sur\u00e9l\u00e9vation, r\u00e9habilitation, optimisation d\u2019espaces, r\u00e9novation \u00e9nerg\u00e9tique\u2026 Des projets sur mesure, \u00e0 l\u2019\u00e9coute de vos envies, de vos usages pour r\u00e9pondre \u00e0 vos attentes. Am\u00e9nagement int\u00e9rieur \u2022 Optimisation d\u2019espacesR\u00e9novation \u00e9nerg\u00e9tique Extensions &#8211; &hellip;<\/p>\n<p class=\"read-more\"> <a class=\"\" href=\"https:\/\/hamacarchitecture.com\/index.php\/design-despaces\"> <span class=\"screen-reader-text\">DESIGN D&rsquo;ESPACES<\/span> Lire la suite\u00a0\u00bb<\/a><\/p>\n","protected":false},"author":1,"featured_media":0,"parent":0,"menu_order":0,"comment_status":"closed","ping_status":"closed","template":"","meta":[],"_links":{"self":[{"href":"https:\/\/hamacarchitecture.com\/index.php\/wp-json\/wp\/v2\/pages\/832"}],"collection":[{"href":"https:\/\/hamacarchitecture.com\/index.php\/wp-json\/wp\/v2\/pages"}],"about":[{"href":"https:\/\/hamacarchitecture.com\/index.php\/wp-json\/wp\/v2\/types\/page"}],"author":[{"embeddable":true,"href":"https:\/\/hamacarchitecture.com\/index.php\/wp-json\/wp\/v2\/users\/1"}],"replies":[{"embeddable":true,"href":"https:\/\/hamacarchitecture.com\/index.php\/wp-json\/wp\/v2\/comments?post=832"}],"version-history":[{"count":139,"href":"https:\/\/hamacarchitecture.com\/index.php\/wp-json\/wp\/v2\/pages\/832\/revisions"}],"predecessor-version":[{"id":1249,"href":"https:\/\/hamacarchitecture.com\/index.php\/wp-json\/wp\/v2\/pages\/832\/revisions\/1249"}],"wp:attachment":[{"href":"https:\/\/hamacarchitecture.com\/index.php\/wp-json\/wp\/v2\/media?parent=832"}],"curies":[{"name":"wp","href":"https:\/\/api.w.org\/{rel}","templated":true}]}}