{"id":6,"date":"2018-10-01T13:09:39","date_gmt":"2018-10-01T13:09:39","guid":{"rendered":"http:\/\/hamacarchitecture.com\/index.php\/home"},"modified":"2021-12-22T12:50:34","modified_gmt":"2021-12-22T11:50:34","slug":"home","status":"publish","type":"page","link":"https:\/\/hamacarchitecture.com\/","title":{"rendered":"Home"},"content":{"rendered":"\t\t<div data-elementor-type=\"wp-post\" data-elementor-id=\"6\" class=\"elementor elementor-6\" data-elementor-settings=\"[]\">\n\t\t\t\t\t\t\t<div class=\"elementor-section-wrap\">\n\t\t\t\t\t\t\t<section class=\"elementor-section elementor-top-section elementor-element elementor-element-3c635b68 elementor-section-height-min-height elementor-section-content-middle elementor-section-boxed elementor-section-height-default elementor-section-items-middle\" data-id=\"3c635b68\" data-element_type=\"section\" data-settings=\"{&quot;background_background&quot;:&quot;slideshow&quot;,&quot;shape_divider_bottom&quot;:&quot;triangle&quot;,&quot;background_slideshow_gallery&quot;:[{&quot;id&quot;:662,&quot;url&quot;:&quot;http:\\\/\\\/hamacarchitecture.com\\\/wp-content\\\/uploads\\\/2021\\\/05\\\/HA_DSC_0046_copie.png&quot;}],&quot;background_slideshow_loop&quot;:&quot;yes&quot;,&quot;background_slideshow_slide_duration&quot;:5000,&quot;background_slideshow_slide_transition&quot;:&quot;fade&quot;,&quot;background_slideshow_transition_duration&quot;:500}\">\n\t\t\t\t\t\t\t<div class=\"elementor-background-overlay\"><\/div>\n\t\t\t\t\t\t<div class=\"elementor-shape elementor-shape-bottom\" data-negative=\"false\">\n\t\t\t<svg xmlns=\"http:\/\/www.w3.org\/2000\/svg\" viewBox=\"0 0 1000 100\" preserveAspectRatio=\"none\">\n\t<path class=\"elementor-shape-fill\" d=\"M500,98.9L0,6.1V0h1000v6.1L500,98.9z\"\/>\n<\/svg>\t\t<\/div>\n\t\t\t\t\t<div class=\"elementor-container elementor-column-gap-extended\">\n\t\t\t\t\t<div class=\"elementor-column elementor-col-16 elementor-top-column elementor-element elementor-element-524b0677\" data-id=\"524b0677\" data-element_type=\"column\">\n\t\t\t<div class=\"elementor-widget-wrap\">\n\t\t\t\t\t\t\t\t\t<\/div>\n\t\t<\/div>\n\t\t\t\t<div class=\"elementor-column elementor-col-66 elementor-top-column elementor-element elementor-element-2f23f96\" data-id=\"2f23f96\" data-element_type=\"column\">\n\t\t\t<div class=\"elementor-widget-wrap elementor-element-populated\">\n\t\t\t\t\t\t\t\t<div class=\"elementor-element elementor-element-459f92f3 elementor-widget elementor-widget-image\" data-id=\"459f92f3\" data-element_type=\"widget\" data-widget_type=\"image.default\">\n\t\t\t\t<div class=\"elementor-widget-container\">\n\t\t\t\t\t\t\t\t\t\t\t\t\t\t\t<img width=\"915\" height=\"208\" src=\"https:\/\/hamacarchitecture.com\/wp-content\/uploads\/2021\/05\/ELEM_LOGO_HAMAC_2021_BLCpng.png\" class=\"attachment-full size-full\" alt=\"\" srcset=\"https:\/\/hamacarchitecture.com\/wp-content\/uploads\/2021\/05\/ELEM_LOGO_HAMAC_2021_BLCpng.png 915w, https:\/\/hamacarchitecture.com\/wp-content\/uploads\/2021\/05\/ELEM_LOGO_HAMAC_2021_BLCpng-300x68.png 300w, https:\/\/hamacarchitecture.com\/wp-content\/uploads\/2021\/05\/ELEM_LOGO_HAMAC_2021_BLCpng-768x175.png 768w\" sizes=\"(max-width: 915px) 100vw, 915px\" \/>\t\t\t\t\t\t\t\t\t\t\t\t\t\t\t<\/div>\n\t\t\t\t<\/div>\n\t\t\t\t<div class=\"elementor-element elementor-element-1cb0aab7 elementor-hidden-phone elementor-invisible elementor-widget elementor-widget-text-editor\" data-id=\"1cb0aab7\" data-element_type=\"widget\" data-settings=\"{&quot;_animation&quot;:&quot;fadeInUp&quot;,&quot;_animation_delay&quot;:400}\" data-widget_type=\"text-editor.default\">\n\t\t\t\t<div class=\"elementor-widget-container\">\n\t\t\t\t\t\t\t<p>DESIGN D&rsquo;ESPACES &amp; \u00c9COPROJETS<\/p>\t\t\t\t\t\t<\/div>\n\t\t\t\t<\/div>\n\t\t\t\t<div class=\"elementor-element elementor-element-d985161 elementor-widget elementor-widget-image\" data-id=\"d985161\" data-element_type=\"widget\" data-widget_type=\"image.default\">\n\t\t\t\t<div class=\"elementor-widget-container\">\n\t\t\t\t\t\t\t\t\t\t\t\t\t\t\t<img width=\"914\" height=\"207\" src=\"https:\/\/hamacarchitecture.com\/wp-content\/uploads\/2021\/06\/ELEM_LOGO_HAMAC_2021_BLC_HAUT.png\" class=\"attachment-full size-full\" alt=\"\" srcset=\"https:\/\/hamacarchitecture.com\/wp-content\/uploads\/2021\/06\/ELEM_LOGO_HAMAC_2021_BLC_HAUT.png 914w, https:\/\/hamacarchitecture.com\/wp-content\/uploads\/2021\/06\/ELEM_LOGO_HAMAC_2021_BLC_HAUT-300x68.png 300w, https:\/\/hamacarchitecture.com\/wp-content\/uploads\/2021\/06\/ELEM_LOGO_HAMAC_2021_BLC_HAUT-768x174.png 768w\" sizes=\"(max-width: 914px) 100vw, 914px\" \/>\t\t\t\t\t\t\t\t\t\t\t\t\t\t\t<\/div>\n\t\t\t\t<\/div>\n\t\t\t\t\t<\/div>\n\t\t<\/div>\n\t\t\t\t<div class=\"elementor-column elementor-col-16 elementor-top-column elementor-element elementor-element-652f3c83\" data-id=\"652f3c83\" data-element_type=\"column\">\n\t\t\t<div class=\"elementor-widget-wrap\">\n\t\t\t\t\t\t\t\t\t<\/div>\n\t\t<\/div>\n\t\t\t\t\t\t\t<\/div>\n\t\t<\/section>\n\t\t\t\t<section class=\"elementor-section elementor-top-section elementor-element elementor-element-14f1821f elementor-section-content-middle elementor-section-boxed elementor-section-height-default elementor-section-height-default\" data-id=\"14f1821f\" data-element_type=\"section\" data-settings=\"{&quot;background_background&quot;:&quot;classic&quot;}\">\n\t\t\t\t\t\t\t<div class=\"elementor-background-overlay\"><\/div>\n\t\t\t\t\t\t\t<div class=\"elementor-container elementor-column-gap-extended\">\n\t\t\t\t\t<div class=\"elementor-column elementor-col-100 elementor-top-column elementor-element elementor-element-8a0b65\" data-id=\"8a0b65\" data-element_type=\"column\" data-settings=\"{&quot;background_background&quot;:&quot;classic&quot;}\">\n\t\t\t<div class=\"elementor-widget-wrap elementor-element-populated\">\n\t\t\t\t\t\t\t\t<div class=\"elementor-element elementor-element-825bad8 elementor-invisible elementor-widget elementor-widget-heading\" data-id=\"825bad8\" data-element_type=\"widget\" data-settings=\"{&quot;_animation&quot;:&quot;fadeInDown&quot;}\" data-widget_type=\"heading.default\">\n\t\t\t\t<div class=\"elementor-widget-container\">\n\t\t\t<h2 class=\"elementor-heading-title elementor-size-default\">Un style<\/h2>\t\t<\/div>\n\t\t\t\t<\/div>\n\t\t\t\t<div class=\"elementor-element elementor-element-b7c6bcb elementor-widget elementor-widget-image\" data-id=\"b7c6bcb\" data-element_type=\"widget\" data-widget_type=\"image.default\">\n\t\t\t\t<div class=\"elementor-widget-container\">\n\t\t\t\t\t\t\t\t\t\t\t\t\t\t\t<img width=\"915\" height=\"208\" src=\"https:\/\/hamacarchitecture.com\/wp-content\/uploads\/2021\/05\/ELEM_LOGO_HAMAC_2021_NOIR.png\" class=\"attachment-full size-full\" alt=\"\" srcset=\"https:\/\/hamacarchitecture.com\/wp-content\/uploads\/2021\/05\/ELEM_LOGO_HAMAC_2021_NOIR.png 915w, https:\/\/hamacarchitecture.com\/wp-content\/uploads\/2021\/05\/ELEM_LOGO_HAMAC_2021_NOIR-300x68.png 300w, https:\/\/hamacarchitecture.com\/wp-content\/uploads\/2021\/05\/ELEM_LOGO_HAMAC_2021_NOIR-768x175.png 768w\" sizes=\"(max-width: 915px) 100vw, 915px\" \/>\t\t\t\t\t\t\t\t\t\t\t\t\t\t\t<\/div>\n\t\t\t\t<\/div>\n\t\t\t\t<div class=\"elementor-element elementor-element-736089bd elementor-widget elementor-widget-text-editor\" data-id=\"736089bd\" data-element_type=\"widget\" data-widget_type=\"text-editor.default\">\n\t\t\t\t<div class=\"elementor-widget-container\">\n\t\t\t\t\t\t\t<p>Sculpter la lumi\u00e8re, effacer les limites entre int\u00e9rieur et ext\u00e9rieur, utiliser les mat\u00e9riaux bruts, respirer avec la nature sont les fondamentaux d\u00e9velopp\u00e9s par l\u2019agence. Ils s\u2019inscrivent dans une architecture r\u00e9solument internationale, forg\u00e9e par des voyages nombreux \u00e0 travers le monde et tr\u00e8s influenc\u00e9e par le Japon, Louis I. Kahn et Frank L. Wright.<\/p><p>Des architectures n\u00e9cessairement bioclimatiques, o\u00f9 l\u2019environnement est une ressource premi\u00e8re. O\u00f9 le ressourcement est un dessein naturel.<\/p>\t\t\t\t\t\t<\/div>\n\t\t\t\t<\/div>\n\t\t\t\t<div class=\"elementor-element elementor-element-aa446ec elementor-widget elementor-widget-heading\" data-id=\"aa446ec\" data-element_type=\"widget\" data-widget_type=\"heading.default\">\n\t\t\t\t<div class=\"elementor-widget-container\">\n\t\t\t<h2 class=\"elementor-heading-title elementor-size-default\">Une expertise<\/h2>\t\t<\/div>\n\t\t\t\t<\/div>\n\t\t\t\t<div class=\"elementor-element elementor-element-9776b3a elementor-widget elementor-widget-image\" data-id=\"9776b3a\" data-element_type=\"widget\" data-widget_type=\"image.default\">\n\t\t\t\t<div class=\"elementor-widget-container\">\n\t\t\t\t\t\t\t\t\t\t\t\t\t\t\t<img width=\"300\" height=\"68\" src=\"https:\/\/hamacarchitecture.com\/wp-content\/uploads\/2021\/05\/ELEM_LOGO_HAMAC_2021_NOIR-300x68.png\" class=\"attachment-medium size-medium\" alt=\"\" srcset=\"https:\/\/hamacarchitecture.com\/wp-content\/uploads\/2021\/05\/ELEM_LOGO_HAMAC_2021_NOIR-300x68.png 300w, https:\/\/hamacarchitecture.com\/wp-content\/uploads\/2021\/05\/ELEM_LOGO_HAMAC_2021_NOIR-768x175.png 768w, https:\/\/hamacarchitecture.com\/wp-content\/uploads\/2021\/05\/ELEM_LOGO_HAMAC_2021_NOIR.png 915w\" sizes=\"(max-width: 300px) 100vw, 300px\" \/>\t\t\t\t\t\t\t\t\t\t\t\t\t\t\t<\/div>\n\t\t\t\t<\/div>\n\t\t\t\t<div class=\"elementor-element elementor-element-670963c elementor-widget elementor-widget-text-editor\" data-id=\"670963c\" data-element_type=\"widget\" data-widget_type=\"text-editor.default\">\n\t\t\t\t<div class=\"elementor-widget-container\">\n\t\t\t\t\t\t\t<p>Arnaud ROBERT, fondateur de l\u2019agence, est architecte DPLG et urbaniste. Dipl\u00f4m\u00e9 de l\u2019\u00c9cole Nationale Sup\u00e9rieure d\u2019Architecture de Nantes, il a travaill\u00e9 20 ans au sein d\u2019agences d\u2019architecture et \u00e0 l\u2019agence d\u2019urbanisme de la r\u00e9gion nantaise, et acquis la conviction que l\u2019on peut faire autrement.<\/p><p>Son exp\u00e9rience lui permet aujourd\u2019hui d\u2019assumer les choix d\u2019une architecture \u00e0 l\u2019\u00e9coute de son \u00e9poque et de son environnement.<\/p>\t\t\t\t\t\t<\/div>\n\t\t\t\t<\/div>\n\t\t\t\t\t<\/div>\n\t\t<\/div>\n\t\t\t\t\t\t\t<\/div>\n\t\t<\/section>\n\t\t\t\t<section class=\"elementor-section elementor-top-section elementor-element elementor-element-5c6d1622 elementor-section-boxed elementor-section-height-default elementor-section-height-default\" data-id=\"5c6d1622\" data-element_type=\"section\" data-settings=\"{&quot;background_background&quot;:&quot;classic&quot;,&quot;shape_divider_top&quot;:&quot;triangle&quot;}\">\n\t\t\t\t\t\t\t<div class=\"elementor-background-overlay\"><\/div>\n\t\t\t\t\t\t<div class=\"elementor-shape elementor-shape-top\" data-negative=\"false\">\n\t\t\t<svg xmlns=\"http:\/\/www.w3.org\/2000\/svg\" viewBox=\"0 0 1000 100\" preserveAspectRatio=\"none\">\n\t<path class=\"elementor-shape-fill\" d=\"M500,98.9L0,6.1V0h1000v6.1L500,98.9z\"\/>\n<\/svg>\t\t<\/div>\n\t\t\t\t\t<div class=\"elementor-container elementor-column-gap-no\">\n\t\t\t\t\t<div class=\"elementor-column elementor-col-100 elementor-top-column elementor-element elementor-element-4bb2fb36\" data-id=\"4bb2fb36\" data-element_type=\"column\">\n\t\t\t<div class=\"elementor-widget-wrap elementor-element-populated\">\n\t\t\t\t\t\t\t\t<section class=\"elementor-section elementor-inner-section elementor-element elementor-element-61a53baf elementor-section-boxed elementor-section-height-default elementor-section-height-default\" data-id=\"61a53baf\" data-element_type=\"section\">\n\t\t\t\t\t\t<div class=\"elementor-container elementor-column-gap-default\">\n\t\t\t\t\t<div class=\"elementor-column elementor-col-25 elementor-inner-column elementor-element elementor-element-3e5da6d2\" data-id=\"3e5da6d2\" data-element_type=\"column\">\n\t\t\t<div class=\"elementor-widget-wrap elementor-element-populated\">\n\t\t\t\t\t\t\t\t\t<\/div>\n\t\t<\/div>\n\t\t\t\t<div class=\"elementor-column elementor-col-50 elementor-inner-column elementor-element elementor-element-3f1e3a4c\" data-id=\"3f1e3a4c\" data-element_type=\"column\">\n\t\t\t<div class=\"elementor-widget-wrap elementor-element-populated\">\n\t\t\t\t\t\t\t\t<div class=\"elementor-element elementor-element-1f00c99b elementor-widget elementor-widget-image\" data-id=\"1f00c99b\" data-element_type=\"widget\" data-widget_type=\"image.default\">\n\t\t\t\t<div class=\"elementor-widget-container\">\n\t\t\t\t\t\t\t\t\t\t\t\t\t\t\t\t<a href=\"http:\/\/hamacarchitecture.com\/index.php\/design-despaces\">\n\t\t\t\t\t\t\t<img width=\"633\" height=\"633\" src=\"https:\/\/hamacarchitecture.com\/wp-content\/uploads\/2021\/05\/VISUEL_CARRE_1-copie.jpg\" class=\"attachment-full size-full\" alt=\"\" srcset=\"https:\/\/hamacarchitecture.com\/wp-content\/uploads\/2021\/05\/VISUEL_CARRE_1-copie.jpg 633w, https:\/\/hamacarchitecture.com\/wp-content\/uploads\/2021\/05\/VISUEL_CARRE_1-copie-300x300.jpg 300w, https:\/\/hamacarchitecture.com\/wp-content\/uploads\/2021\/05\/VISUEL_CARRE_1-copie-150x150.jpg 150w\" sizes=\"(max-width: 633px) 100vw, 633px\" \/>\t\t\t\t\t\t\t\t<\/a>\n\t\t\t\t\t\t\t\t\t\t\t\t\t\t\t<\/div>\n\t\t\t\t<\/div>\n\t\t\t\t<div class=\"elementor-element elementor-element-bf6d0c8 elementor-widget elementor-widget-heading\" data-id=\"bf6d0c8\" data-element_type=\"widget\" data-widget_type=\"heading.default\">\n\t\t\t\t<div class=\"elementor-widget-container\">\n\t\t\t<h2 class=\"elementor-heading-title elementor-size-large\"><a href=\"http:\/\/hamacarchitecture.com\/index.php\/design-despaces\">Design d'espaces<\/a><\/h2>\t\t<\/div>\n\t\t\t\t<\/div>\n\t\t\t\t<div class=\"elementor-element elementor-element-532da9aa elementor-widget elementor-widget-image\" data-id=\"532da9aa\" data-element_type=\"widget\" data-widget_type=\"image.default\">\n\t\t\t\t<div class=\"elementor-widget-container\">\n\t\t\t\t\t\t\t\t\t\t\t\t\t\t\t<img width=\"915\" height=\"208\" src=\"https:\/\/hamacarchitecture.com\/wp-content\/uploads\/2021\/05\/ELEM_LOGO_HAMAC_2021_BLCpng.png\" class=\"attachment-full size-full\" alt=\"\" srcset=\"https:\/\/hamacarchitecture.com\/wp-content\/uploads\/2021\/05\/ELEM_LOGO_HAMAC_2021_BLCpng.png 915w, https:\/\/hamacarchitecture.com\/wp-content\/uploads\/2021\/05\/ELEM_LOGO_HAMAC_2021_BLCpng-300x68.png 300w, https:\/\/hamacarchitecture.com\/wp-content\/uploads\/2021\/05\/ELEM_LOGO_HAMAC_2021_BLCpng-768x175.png 768w\" sizes=\"(max-width: 915px) 100vw, 915px\" \/>\t\t\t\t\t\t\t\t\t\t\t\t\t\t\t<\/div>\n\t\t\t\t<\/div>\n\t\t\t\t<div class=\"elementor-element elementor-element-4f5f4fec elementor-invisible elementor-widget elementor-widget-text-editor\" data-id=\"4f5f4fec\" data-element_type=\"widget\" data-settings=\"{&quot;_animation&quot;:&quot;fadeInUp&quot;,&quot;_animation_delay&quot;:200}\" data-widget_type=\"text-editor.default\">\n\t\t\t\t<div class=\"elementor-widget-container\">\n\t\t\t\t\t\t\t<p><strong>HAMAC Architecture con\u00e7oit et r\u00e9alise<\/strong>\u00a0pour le particulier tout type de projets en mission compl\u00e8te ou partielle\u00a0: construction neuve, extension, sur\u00e9l\u00e9vation, r\u00e9habilitation, optimisation d\u2019espaces, r\u00e9novation \u00e9nerg\u00e9tique\u2026<\/p><p>Des projets sur mesure, \u00e0 l\u2019\u00e9coute de vos envies, de vos usages pour r\u00e9pondre \u00e0 vos attentes.<\/p>\t\t\t\t\t\t<\/div>\n\t\t\t\t<\/div>\n\t\t\t\t<div class=\"elementor-element elementor-element-cf4dec5 elementor-align-center elementor-widget elementor-widget-button\" data-id=\"cf4dec5\" data-element_type=\"widget\" data-widget_type=\"button.default\">\n\t\t\t\t<div class=\"elementor-widget-container\">\n\t\t\t\t\t<div class=\"elementor-button-wrapper\">\n\t\t\t<a href=\"http:\/\/hamacarchitecture.com\/index.php\/design-despaces\" class=\"elementor-button-link elementor-button elementor-size-sm\" role=\"button\">\n\t\t\t\t\t\t<span class=\"elementor-button-content-wrapper\">\n\t\t\t\t\t\t<span class=\"elementor-button-text\">En savoir plus<\/span>\n\t\t<\/span>\n\t\t\t\t\t<\/a>\n\t\t<\/div>\n\t\t\t\t<\/div>\n\t\t\t\t<\/div>\n\t\t\t\t<div class=\"elementor-element elementor-element-43665352 elementor-widget elementor-widget-image\" data-id=\"43665352\" data-element_type=\"widget\" data-widget_type=\"image.default\">\n\t\t\t\t<div class=\"elementor-widget-container\">\n\t\t\t\t\t\t\t\t\t\t\t\t\t\t\t\t<a href=\"http:\/\/hamacarchitecture.com\/index.php\/ecoprojets-partages\">\n\t\t\t\t\t\t\t<img width=\"945\" height=\"945\" src=\"https:\/\/hamacarchitecture.com\/wp-content\/uploads\/2021\/05\/VISUEL_CARRE_2-copie.jpg\" class=\"attachment-full size-full\" alt=\"\" srcset=\"https:\/\/hamacarchitecture.com\/wp-content\/uploads\/2021\/05\/VISUEL_CARRE_2-copie.jpg 945w, https:\/\/hamacarchitecture.com\/wp-content\/uploads\/2021\/05\/VISUEL_CARRE_2-copie-300x300.jpg 300w, https:\/\/hamacarchitecture.com\/wp-content\/uploads\/2021\/05\/VISUEL_CARRE_2-copie-150x150.jpg 150w, https:\/\/hamacarchitecture.com\/wp-content\/uploads\/2021\/05\/VISUEL_CARRE_2-copie-768x768.jpg 768w\" sizes=\"(max-width: 945px) 100vw, 945px\" \/>\t\t\t\t\t\t\t\t<\/a>\n\t\t\t\t\t\t\t\t\t\t\t\t\t\t\t<\/div>\n\t\t\t\t<\/div>\n\t\t\t\t<div class=\"elementor-element elementor-element-13245ff elementor-widget elementor-widget-heading\" data-id=\"13245ff\" data-element_type=\"widget\" data-widget_type=\"heading.default\">\n\t\t\t\t<div class=\"elementor-widget-container\">\n\t\t\t<h3 class=\"elementor-heading-title elementor-size-default\"><a href=\"http:\/\/hamacarchitecture.com\/index.php\/ecoprojets-partages\"><span data-elementor-setting-key=\"title\" data-pen-placeholder=\"\u00c9crivez ici...\" style=\"border: 0px; font-size: 45px; vertical-align: baseline; clear: both; line-height: 1.49;\">\u00c9coprojets partag\u00e9s<\/span><\/a><\/h3>\t\t<\/div>\n\t\t\t\t<\/div>\n\t\t\t\t<div class=\"elementor-element elementor-element-a137021 elementor-widget elementor-widget-image\" data-id=\"a137021\" data-element_type=\"widget\" data-widget_type=\"image.default\">\n\t\t\t\t<div class=\"elementor-widget-container\">\n\t\t\t\t\t\t\t\t\t\t\t\t\t\t\t<img width=\"915\" height=\"208\" src=\"https:\/\/hamacarchitecture.com\/wp-content\/uploads\/2021\/05\/ELEM_LOGO_HAMAC_2021_BLCpng.png\" class=\"attachment-full size-full\" alt=\"\" srcset=\"https:\/\/hamacarchitecture.com\/wp-content\/uploads\/2021\/05\/ELEM_LOGO_HAMAC_2021_BLCpng.png 915w, https:\/\/hamacarchitecture.com\/wp-content\/uploads\/2021\/05\/ELEM_LOGO_HAMAC_2021_BLCpng-300x68.png 300w, https:\/\/hamacarchitecture.com\/wp-content\/uploads\/2021\/05\/ELEM_LOGO_HAMAC_2021_BLCpng-768x175.png 768w\" sizes=\"(max-width: 915px) 100vw, 915px\" \/>\t\t\t\t\t\t\t\t\t\t\t\t\t\t\t<\/div>\n\t\t\t\t<\/div>\n\t\t\t\t<div class=\"elementor-element elementor-element-29b696e elementor-invisible elementor-widget elementor-widget-text-editor\" data-id=\"29b696e\" data-element_type=\"widget\" data-settings=\"{&quot;_animation&quot;:&quot;fadeInUp&quot;,&quot;_animation_delay&quot;:200}\" data-widget_type=\"text-editor.default\">\n\t\t\t\t<div class=\"elementor-widget-container\">\n\t\t\t\t\t\t\t<p><strong>HAMAC Architecture d\u00e9veloppe<\/strong> \u00e9galement des petites promotions immobili\u00e8res (3 \u00e0 5 logements) pour des projets partag\u00e9s \u00e0 2 ou 3 et apporter des r\u00e9ponses pertinentes aux prix prohibitifs du foncier et de l\u2019immobilier, sans alt\u00e9rer la qualit\u00e9 de vie.<\/p><p>Des solutions alternatives entre maison individuelle et immeuble collectif, o\u00f9 chacun vit dans l\u2019intimit\u00e9 de son foyer, en lien \u00e9troit avec la nature. Des solutions agiles, porteuses de valeurs soci\u00e9tales positives.<\/p>\t\t\t\t\t\t<\/div>\n\t\t\t\t<\/div>\n\t\t\t\t<div class=\"elementor-element elementor-element-8a225f5 elementor-align-center elementor-widget elementor-widget-button\" data-id=\"8a225f5\" data-element_type=\"widget\" data-widget_type=\"button.default\">\n\t\t\t\t<div class=\"elementor-widget-container\">\n\t\t\t\t\t<div class=\"elementor-button-wrapper\">\n\t\t\t<a href=\"http:\/\/hamacarchitecture.com\/index.php\/ecoprojets-partages\" class=\"elementor-button-link elementor-button elementor-size-sm\" role=\"button\">\n\t\t\t\t\t\t<span class=\"elementor-button-content-wrapper\">\n\t\t\t\t\t\t<span class=\"elementor-button-text\">En savoir plus<\/span>\n\t\t<\/span>\n\t\t\t\t\t<\/a>\n\t\t<\/div>\n\t\t\t\t<\/div>\n\t\t\t\t<\/div>\n\t\t\t\t\t<\/div>\n\t\t<\/div>\n\t\t\t\t<div class=\"elementor-column elementor-col-25 elementor-inner-column elementor-element elementor-element-38c3a0e5\" data-id=\"38c3a0e5\" data-element_type=\"column\">\n\t\t\t<div class=\"elementor-widget-wrap elementor-element-populated\">\n\t\t\t\t\t\t\t\t\t<\/div>\n\t\t<\/div>\n\t\t\t\t\t\t\t<\/div>\n\t\t<\/section>\n\t\t\t\t\t<\/div>\n\t\t<\/div>\n\t\t\t\t\t\t\t<\/div>\n\t\t<\/section>\n\t\t\t\t<section class=\"elementor-section elementor-top-section elementor-element elementor-element-f29eb24 elementor-section-boxed elementor-section-height-default elementor-section-height-default\" data-id=\"f29eb24\" data-element_type=\"section\">\n\t\t\t\t\t\t<div class=\"elementor-container elementor-column-gap-default\">\n\t\t\t\t\t<div class=\"elementor-column elementor-col-100 elementor-top-column elementor-element elementor-element-0eccb33\" data-id=\"0eccb33\" data-element_type=\"column\">\n\t\t\t<div class=\"elementor-widget-wrap elementor-element-populated\">\n\t\t\t\t\t\t\t\t<div class=\"elementor-element elementor-element-7715b97 elementor-widget elementor-widget-text-editor\" data-id=\"7715b97\" data-element_type=\"widget\" data-widget_type=\"text-editor.default\">\n\t\t\t\t<div class=\"elementor-widget-container\">\n\t\t\t\t\t\t\t<h2 style=\"font-size: 41px; font-style: normal; margin-bottom: 0px; color: #020101;\" data-elementor-setting-key=\"title\" data-pen-placeholder=\"\u00c9crivez ici...\">Accompagnement personnalis\u00e9<\/h2>\t\t\t\t\t\t<\/div>\n\t\t\t\t<\/div>\n\t\t\t\t<div class=\"elementor-element elementor-element-41df942 elementor-align-center elementor-widget elementor-widget-button\" data-id=\"41df942\" data-element_type=\"widget\" data-widget_type=\"button.default\">\n\t\t\t\t<div class=\"elementor-widget-container\">\n\t\t\t\t\t<div class=\"elementor-button-wrapper\">\n\t\t\t<a href=\"http:\/\/hamacarchitecture.com\/index.php\/contact-us\" class=\"elementor-button-link elementor-button elementor-size-sm\" role=\"button\">\n\t\t\t\t\t\t<span class=\"elementor-button-content-wrapper\">\n\t\t\t\t\t\t<span class=\"elementor-button-text\">Contactez-moi<\/span>\n\t\t<\/span>\n\t\t\t\t\t<\/a>\n\t\t<\/div>\n\t\t\t\t<\/div>\n\t\t\t\t<\/div>\n\t\t\t\t\t<\/div>\n\t\t<\/div>\n\t\t\t\t\t\t\t<\/div>\n\t\t<\/section>\n\t\t\t\t\t\t<\/div>\n\t\t\t\t\t<\/div>\n\t\t","protected":false},"excerpt":{"rendered":"<p>DESIGN D&rsquo;ESPACES &amp; \u00c9COPROJETS Un style Sculpter la lumi\u00e8re, effacer les limites entre int\u00e9rieur et ext\u00e9rieur, utiliser les mat\u00e9riaux bruts, respirer avec la nature sont les fondamentaux d\u00e9velopp\u00e9s par l\u2019agence. Ils s\u2019inscrivent dans une architecture r\u00e9solument internationale, forg\u00e9e par des voyages nombreux \u00e0 travers le monde et tr\u00e8s influenc\u00e9e par le Japon, Louis I. Kahn &hellip;<\/p>\n<p class=\"read-more\"> <a class=\"\" href=\"https:\/\/hamacarchitecture.com\/\"> <span class=\"screen-reader-text\">Home<\/span> Lire la suite\u00a0\u00bb<\/a><\/p>\n","protected":false},"author":1,"featured_media":0,"parent":0,"menu_order":1,"comment_status":"closed","ping_status":"closed","template":"","meta":[],"_links":{"self":[{"href":"https:\/\/hamacarchitecture.com\/index.php\/wp-json\/wp\/v2\/pages\/6"}],"collection":[{"href":"https:\/\/hamacarchitecture.com\/index.php\/wp-json\/wp\/v2\/pages"}],"about":[{"href":"https:\/\/hamacarchitecture.com\/index.php\/wp-json\/wp\/v2\/types\/page"}],"author":[{"embeddable":true,"href":"https:\/\/hamacarchitecture.com\/index.php\/wp-json\/wp\/v2\/users\/1"}],"replies":[{"embeddable":true,"href":"https:\/\/hamacarchitecture.com\/index.php\/wp-json\/wp\/v2\/comments?post=6"}],"version-history":[{"count":226,"href":"https:\/\/hamacarchitecture.com\/index.php\/wp-json\/wp\/v2\/pages\/6\/revisions"}],"predecessor-version":[{"id":1252,"href":"https:\/\/hamacarchitecture.com\/index.php\/wp-json\/wp\/v2\/pages\/6\/revisions\/1252"}],"wp:attachment":[{"href":"https:\/\/hamacarchitecture.com\/index.php\/wp-json\/wp\/v2\/media?parent=6"}],"curies":[{"name":"wp","href":"https:\/\/api.w.org\/{rel}","templated":true}]}}